{"id":13,"date":"2016-09-22T06:12:50","date_gmt":"2016-09-22T06:12:50","guid":{"rendered":"http:\/\/benjaminfranklin.com.mx\/english\/?page_id=13"},"modified":"2016-09-23T06:36:48","modified_gmt":"2016-09-23T06:36:48","slug":"about-merida","status":"publish","type":"page","link":"http:\/\/benjaminfranklin.com.mx\/english\/about-merida\/","title":{"rendered":"About M\u00e9rida"},"content":{"rendered":"<h1 class=\"megatitle\">WELCOME to the unique Spanish-Mayan world of Yucat\u00e1n!<\/h1>\n<div class=\"row\">\n<div class=\"col-md-6\">\nM\u00e9rida (pop. 800.000) is the social, political and economical capital of the state of Yucat\u00e1n. It is a beautiful colonial city, located just 15 minutes from the white sandy beaches of the gulf of M\u00e9xico.<\/p>\n<p>The magnificient mayan ruins of Chichen Itza and Uxmal are just a short drive away. The hospitality of our people, food, history, culture and folklore will provide a wonderful setting for your spanish lenguaje learning.<\/p>\n<p>The nearby Resorts of Canc\u00fan and Cozumel and their colorful caribbean beaches have always been an extra attraction for our students.<\/p>\n<\/div>\n<div class=\"col-md-6\">\n<div class=\"links-de-galerias\">\n\t\t\t<div class=\"galerias\"><div id=\"gallery\" style=\"display:none;\"><img decoding=\"async\" alt=\"About M\u00e9rida\"\n\t\t\t src=\"http:\/\/benjaminfranklin.com.mx\/english\/wp-content\/uploads\/sites\/2\/2016\/09\/merida01-1-150x150.jpg\"\n\t\t\t data-image=\"http:\/\/benjaminfranklin.com.mx\/english\/wp-content\/uploads\/sites\/2\/2016\/09\/merida01-1.jpg\"\n\t\t\t data-description=\"About M\u00e9rida\"><img decoding=\"async\" alt=\"About M\u00e9rida\"\n\t\t\t src=\"http:\/\/benjaminfranklin.com.mx\/english\/wp-content\/uploads\/sites\/2\/2016\/09\/merida02-150x150.jpg\"\n\t\t\t data-image=\"http:\/\/benjaminfranklin.com.mx\/english\/wp-content\/uploads\/sites\/2\/2016\/09\/merida02.jpg\"\n\t\t\t data-description=\"About M\u00e9rida\"><img decoding=\"async\" alt=\"About M\u00e9rida\"\n\t\t\t src=\"http:\/\/benjaminfranklin.com.mx\/english\/wp-content\/uploads\/sites\/2\/2016\/09\/merida03-150x150.jpg\"\n\t\t\t data-image=\"http:\/\/benjaminfranklin.com.mx\/english\/wp-content\/uploads\/sites\/2\/2016\/09\/merida03.jpg\"\n\t\t\t data-description=\"About M\u00e9rida\"><img decoding=\"async\" alt=\"About M\u00e9rida\"\n\t\t\t src=\"http:\/\/benjaminfranklin.com.mx\/english\/wp-content\/uploads\/sites\/2\/2016\/09\/merida04-150x150.jpg\"\n\t\t\t data-image=\"http:\/\/benjaminfranklin.com.mx\/english\/wp-content\/uploads\/sites\/2\/2016\/09\/merida04.jpg\"\n\t\t\t data-description=\"About M\u00e9rida\"><img decoding=\"async\" alt=\"About M\u00e9rida\"\n\t\t\t src=\"http:\/\/benjaminfranklin.com.mx\/english\/wp-content\/uploads\/sites\/2\/2016\/09\/progreso-150x150.jpg\"\n\t\t\t data-image=\"http:\/\/benjaminfranklin.com.mx\/english\/wp-content\/uploads\/sites\/2\/2016\/09\/progreso.jpg\"\n\t\t\t data-description=\"About M\u00e9rida\"><\/div><\/div>\n\n\t\n\n<script type=\"text\/javascript\">\n\n\t\tjQuery(document).ready(function(){\n\n\t\t\tjQuery(\"#gallery\").unitegallery({\n\t\t\n\ttiles_type:\"justified\",\n\t\n\t\t\t});\n\t\t});\n\t\t\n\t<\/script>\n\n\n\t\t\t<\/div><\/p>\n<\/div>\n<\/div>\n","protected":false},"excerpt":{"rendered":"<p>WELCOME to the unique Spanish-Mayan world of Yucat\u00e1n! M\u00e9rida (pop. 800.000) is the social, political and economical capital of the&#8230;<\/p>\n","protected":false},"author":1,"featured_media":0,"parent":0,"menu_order":0,"comment_status":"closed","ping_status":"closed","template":"","meta":{"_acf_changed":false,"footnotes":""},"acf":[],"_links":{"self":[{"href":"http:\/\/benjaminfranklin.com.mx\/english\/wp-json\/wp\/v2\/pages\/13"}],"collection":[{"href":"http:\/\/benjaminfranklin.com.mx\/english\/wp-json\/wp\/v2\/pages"}],"about":[{"href":"http:\/\/benjaminfranklin.com.mx\/english\/wp-json\/wp\/v2\/types\/page"}],"author":[{"embeddable":true,"href":"http:\/\/benjaminfranklin.com.mx\/english\/wp-json\/wp\/v2\/users\/1"}],"replies":[{"embeddable":true,"href":"http:\/\/benjaminfranklin.com.mx\/english\/wp-json\/wp\/v2\/comments?post=13"}],"version-history":[{"count":14,"href":"http:\/\/benjaminfranklin.com.mx\/english\/wp-json\/wp\/v2\/pages\/13\/revisions"}],"predecessor-version":[{"id":58,"href":"http:\/\/benjaminfranklin.com.mx\/english\/wp-json\/wp\/v2\/pages\/13\/revisions\/58"}],"wp:attachment":[{"href":"http:\/\/benjaminfranklin.com.mx\/english\/wp-json\/wp\/v2\/media?parent=13"}],"curies":[{"name":"wp","href":"https:\/\/api.w.org\/{rel}","templated":true}]}}